{"id":419,"date":"2021-11-11T13:50:25","date_gmt":"2021-11-11T13:50:25","guid":{"rendered":"https:\/\/geotextundfoto.com\/?page_id=419"},"modified":"2023-10-17T11:42:30","modified_gmt":"2023-10-17T11:42:30","slug":"impressum","status":"publish","type":"page","link":"https:\/\/geotextundfoto.com\/?page_id=419","title":{"rendered":"Impressum"},"content":{"rendered":"\n<p class=\"wp-block-paragraph\">Angaben gem\u00e4\u00df \u00a7&nbsp;5 TMG<\/p>\n\n\n\n<p class=\"wp-block-paragraph\"><br>Georg Bleicher<br>Journalismus &amp; PR<br>Heinrich-K\u00f6nn-Stra\u00dfe 96<br>40465 D\u00fcsseldorf<br><\/p>\n\n\n\n<p class=\"wp-block-paragraph\">Kontakt<br>Telefon: 0172 2977115<br>E-Mail: geo.bleicher(\u00e4tt)t-online.de<\/p>\n\n\n\n<p class=\"wp-block-paragraph\"><br>Redaktionell verantwortlich f\u00fcr diese Website<br>Georg Bleicher<br>Heinrich-K\u00f6nn-Stra\u00dfe 96<br>40465 D\u00fcsseldorf<\/p>\n\n\n\n<p class=\"wp-block-paragraph\"><br>Verbraucherstreitbeilegung\/Universalschlichtungsstelle<br>Wir sind nicht bereit oder verpflichtet, an Streitbeilegungsverfahren vor einer Verbraucherschlichtungsstelle teilzunehmen.<\/p>\n","protected":false},"excerpt":{"rendered":"<p>Angaben gem\u00e4\u00df \u00a7&nbsp;5 TMG Georg BleicherJournalismus &amp; PRHeinrich-K\u00f6nn-Stra\u00dfe 9640465 D\u00fcsseldorf KontaktTelefon: 0172 2977115E-Mail: geo.bleicher(\u00e4tt)t-online.de Redaktionell verantwortlich f\u00fcr diese WebsiteGeorg BleicherHeinrich-K\u00f6nn-Stra\u00dfe 9640465 D\u00fcsseldorf Verbraucherstreitbeilegung\/UniversalschlichtungsstelleWir sind nicht bereit oder verpflichtet, an Streitbeilegungsverfahren vor einer Verbraucherschlichtungsstelle teilzunehmen.<\/p>\n","protected":false},"author":1,"featured_media":0,"parent":0,"menu_order":0,"comment_status":"closed","ping_status":"closed","template":"","meta":{"_crdt_document":"","footnotes":""},"class_list":["post-419","page","type-page","status-publish","hentry"],"jetpack_sharing_enabled":true,"_links":{"self":[{"href":"https:\/\/geotextundfoto.com\/index.php?rest_route=\/wp\/v2\/pages\/419","targetHints":{"allow":["GET"]}}],"collection":[{"href":"https:\/\/geotextundfoto.com\/index.php?rest_route=\/wp\/v2\/pages"}],"about":[{"href":"https:\/\/geotextundfoto.com\/index.php?rest_route=\/wp\/v2\/types\/page"}],"author":[{"embeddable":true,"href":"https:\/\/geotextundfoto.com\/index.php?rest_route=\/wp\/v2\/users\/1"}],"replies":[{"embeddable":true,"href":"https:\/\/geotextundfoto.com\/index.php?rest_route=%2Fwp%2Fv2%2Fcomments&post=419"}],"version-history":[{"count":3,"href":"https:\/\/geotextundfoto.com\/index.php?rest_route=\/wp\/v2\/pages\/419\/revisions"}],"predecessor-version":[{"id":524,"href":"https:\/\/geotextundfoto.com\/index.php?rest_route=\/wp\/v2\/pages\/419\/revisions\/524"}],"wp:attachment":[{"href":"https:\/\/geotextundfoto.com\/index.php?rest_route=%2Fwp%2Fv2%2Fmedia&parent=419"}],"curies":[{"name":"wp","href":"https:\/\/api.w.org\/{rel}","templated":true}]}}