{"id":364,"date":"2021-08-26T20:09:27","date_gmt":"2021-08-26T20:09:27","guid":{"rendered":"https:\/\/geotextundfoto.com\/?page_id=364"},"modified":"2025-01-16T11:41:30","modified_gmt":"2025-01-16T11:41:30","slug":"kontakt","status":"publish","type":"page","link":"https:\/\/geotextundfoto.com\/?page_id=364","title":{"rendered":"Kontakt"},"content":{"rendered":"\n<p class=\"wp-block-paragraph\">Fragen oder Auftrag? <\/p>\n\n\n\n<p class=\"wp-block-paragraph\">Rufen Sie mich an: <strong>0172.2977115<\/strong><\/p>\n\n\n\n<p class=\"wp-block-paragraph\">E-Mail:<strong> geo.bleicher(attt)t-online.de<\/strong><\/p>\n\n\n\n<p class=\"wp-block-paragraph\">oder <strong>info(attt)geotextundfoto.com<\/strong><\/p>\n\n\n\n<h2 class=\"wp-block-heading\">Postalische Adresse<\/h2>\n\n\n\n<p class=\"wp-block-paragraph\">Georg Bleicher, Heinrich-K\u00f6nn-Stra\u00dfe 96, 40625 D\u00fcsseldorf <\/p>\n\n\n\n<p class=\"wp-block-paragraph\"><\/p>\n","protected":false},"excerpt":{"rendered":"<p>Fragen oder Auftrag? Rufen Sie mich an: 0172.2977115 E-Mail: geo.bleicher(attt)t-online.de oder info(attt)geotextundfoto.com Postalische Adresse Georg Bleicher, Heinrich-K\u00f6nn-Stra\u00dfe 96, 40625 D\u00fcsseldorf<\/p>\n","protected":false},"author":1,"featured_media":0,"parent":0,"menu_order":0,"comment_status":"closed","ping_status":"closed","template":"","meta":{"_crdt_document":"","footnotes":""},"class_list":["post-364","page","type-page","status-publish","hentry"],"jetpack_sharing_enabled":true,"_links":{"self":[{"href":"https:\/\/geotextundfoto.com\/index.php?rest_route=\/wp\/v2\/pages\/364","targetHints":{"allow":["GET"]}}],"collection":[{"href":"https:\/\/geotextundfoto.com\/index.php?rest_route=\/wp\/v2\/pages"}],"about":[{"href":"https:\/\/geotextundfoto.com\/index.php?rest_route=\/wp\/v2\/types\/page"}],"author":[{"embeddable":true,"href":"https:\/\/geotextundfoto.com\/index.php?rest_route=\/wp\/v2\/users\/1"}],"replies":[{"embeddable":true,"href":"https:\/\/geotextundfoto.com\/index.php?rest_route=%2Fwp%2Fv2%2Fcomments&post=364"}],"version-history":[{"count":9,"href":"https:\/\/geotextundfoto.com\/index.php?rest_route=\/wp\/v2\/pages\/364\/revisions"}],"predecessor-version":[{"id":552,"href":"https:\/\/geotextundfoto.com\/index.php?rest_route=\/wp\/v2\/pages\/364\/revisions\/552"}],"wp:attachment":[{"href":"https:\/\/geotextundfoto.com\/index.php?rest_route=%2Fwp%2Fv2%2Fmedia&parent=364"}],"curies":[{"name":"wp","href":"https:\/\/api.w.org\/{rel}","templated":true}]}}