{"id":306,"date":"2021-05-23T15:49:11","date_gmt":"2021-05-23T15:49:11","guid":{"rendered":"https:\/\/geotextundfoto.com\/?page_id=306"},"modified":"2025-12-24T09:08:46","modified_gmt":"2025-12-24T09:08:46","slug":"ich-erzaehle-die-story-vom-fahrrad-seit-25-jahren","status":"publish","type":"page","link":"https:\/\/geotextundfoto.com\/","title":{"rendered":"Ich erz\u00e4hl\u2018 euch die Story vom Fahrrad."},"content":{"rendered":"\n<h2 class=\"wp-block-heading\" id=\"e-bike-und-velo-texte-vom-fahrradenthusiasten\">E-Bike- und Velo-Texte vom Fahrradenthusiasten. <\/h2>\n\n\n\n<p class=\"wp-block-paragraph\">Ich schreibe die Geschichten, die Sie brauchen. Rund um die sch\u00f6nste und nachhaltigste Maschine f\u00fcr Mobilit\u00e4t \u2013 und rund um die coolste Spa\u00dfmaschine, die ich mir vorstellen kann. Das sind seit fast 25 Jahren journalistische und PR-Texte rund um dieses Per-Pedalum-Mobile und um die Menschen, die damit zu tun haben.  Ich arbeite f\u00fcr viele Magazine und  gelegentlich f\u00fcr Auftraggeber aus Industrie und Handel. <\/p>\n\n\n\n<p class=\"wp-block-paragraph\">Meine Formate: E-Bike-Tests, Unternehmensportr\u00e4ts, Service-Geschichten, Erkl\u00e4rtexte, Reisestorys, Glossen, alles oft auch von mir bebildert. Und heute nat\u00fcrlich die digitalen Pendants und neuen Formate wie Blogs und Podcasts. Befeuert immer wieder von einer nicht zu b\u00e4ndigenden Lust auf Velofahren in jeder erdenklichen Form. <\/p>\n","protected":false},"excerpt":{"rendered":"<p>E-Bike- und Velo-Texte vom Fahrradenthusiasten. Ich schreibe die Geschichten, die Sie brauchen. Rund um die sch\u00f6nste und nachhaltigste Maschine f\u00fcr Mobilit\u00e4t \u2013 und rund um die coolste Spa\u00dfmaschine, die ich mir vorstellen kann. Das sind seit fast 25 Jahren journalistische und PR-Texte rund um dieses Per-Pedalum-Mobile und um die Menschen, die damit zu tun haben. &hellip; <\/p>\n<p class=\"link-more\"><a href=\"https:\/\/geotextundfoto.com\/\" class=\"more-link\"><span class=\"screen-reader-text\">\u201eIch erz\u00e4hl\u2018 euch die Story vom Fahrrad.\u201c <\/span>weiterlesen<\/a><\/p>\n","protected":false},"author":1,"featured_media":9,"parent":0,"menu_order":1,"comment_status":"closed","ping_status":"closed","template":"","meta":{"_crdt_document":"","footnotes":""},"class_list":["post-306","page","type-page","status-publish","has-post-thumbnail","hentry"],"jetpack_sharing_enabled":true,"_links":{"self":[{"href":"https:\/\/geotextundfoto.com\/index.php?rest_route=\/wp\/v2\/pages\/306","targetHints":{"allow":["GET"]}}],"collection":[{"href":"https:\/\/geotextundfoto.com\/index.php?rest_route=\/wp\/v2\/pages"}],"about":[{"href":"https:\/\/geotextundfoto.com\/index.php?rest_route=\/wp\/v2\/types\/page"}],"author":[{"embeddable":true,"href":"https:\/\/geotextundfoto.com\/index.php?rest_route=\/wp\/v2\/users\/1"}],"replies":[{"embeddable":true,"href":"https:\/\/geotextundfoto.com\/index.php?rest_route=%2Fwp%2Fv2%2Fcomments&post=306"}],"version-history":[{"count":39,"href":"https:\/\/geotextundfoto.com\/index.php?rest_route=\/wp\/v2\/pages\/306\/revisions"}],"predecessor-version":[{"id":481,"href":"https:\/\/geotextundfoto.com\/index.php?rest_route=\/wp\/v2\/pages\/306\/revisions\/481"}],"wp:featuredmedia":[{"embeddable":true,"href":"https:\/\/geotextundfoto.com\/index.php?rest_route=\/wp\/v2\/media\/9"}],"wp:attachment":[{"href":"https:\/\/geotextundfoto.com\/index.php?rest_route=%2Fwp%2Fv2%2Fmedia&parent=306"}],"curies":[{"name":"wp","href":"https:\/\/api.w.org\/{rel}","templated":true}]}}